{"id":240,"date":"2020-06-01T16:13:55","date_gmt":"2020-06-01T16:13:55","guid":{"rendered":"https:\/\/criarsustentavel.com.br\/novo\/?page_id=240"},"modified":"2020-06-17T14:45:43","modified_gmt":"2020-06-17T14:45:43","slug":"criar-2020","status":"publish","type":"page","link":"https:\/\/criarsustentavel.com.br\/novo\/elements\/criar-2020\/","title":{"rendered":"Criar 2020"},"content":{"rendered":"\t<div class=\"img has-hover x md-x lg-x y md-y lg-y\" id=\"image_869032219\">\n\t\t\t\t\t\t\t\t<div class=\"img-inner dark\" style=\"margin:0px 0px 50px 0px;\">\n\t\t\t<img width=\"1920\" height=\"300\" src=\"https:\/\/criarsustentavel.com.br\/novo\/wp-content\/uploads\/2020\/06\/04_Criar_site_banner_2020_HOME_2020_junho.jpg\" class=\"attachment-original size-original\" alt=\"\" loading=\"lazy\" srcset=\"https:\/\/criarsustentavel.com.br\/novo\/wp-content\/uploads\/2020\/06\/04_Criar_site_banner_2020_HOME_2020_junho.jpg 1920w, https:\/\/criarsustentavel.com.br\/novo\/wp-content\/uploads\/2020\/06\/04_Criar_site_banner_2020_HOME_2020_junho-800x125.jpg 800w, https:\/\/criarsustentavel.com.br\/novo\/wp-content\/uploads\/2020\/06\/04_Criar_site_banner_2020_HOME_2020_junho-1400x219.jpg 1400w, https:\/\/criarsustentavel.com.br\/novo\/wp-content\/uploads\/2020\/06\/04_Criar_site_banner_2020_HOME_2020_junho-768x120.jpg 768w, https:\/\/criarsustentavel.com.br\/novo\/wp-content\/uploads\/2020\/06\/04_Criar_site_banner_2020_HOME_2020_junho-1536x240.jpg 1536w\" sizes=\"(max-width: 1920px) 100vw, 1920px\" \/>\t\t\t\t\t\t\n\t\t\t\t\t<\/div>\n\t\t\t\t\t\t\t\t\n<style scope=\"scope\">\n\n#image_869032219 {\n  width: 100%;\n}\n<\/style>\n\t<\/div>\n\t\n<div class=\"row\"  id=\"row-1452801287\">\n<div class=\"col small-12 large-12\"  ><div class=\"col-inner\"  >\n<h4 class=\"lead\" style=\"text-align: justify;\"><em>O Criar Sustent\u00e1vel foi criado com objetivo de tratar a Sustentabilidade em todas as suas formas de ideias, projetos, iniciativas e desafios dentro do panorama corporativo. Entendemos que o meio ambiente \u00e9 parte importante deste cen\u00e1rio, por\u00e9m sustentabilidade \u00e9 muito mais que isso \u00e9 responsabilidade social, \u00e9tica, transpar\u00eancia, diversidade, <\/em><em>enfim como a empresa enxerga seu papel e suas responsabilidades diante da <\/em><em>sociedade.\u201d<\/em><\/h4>\n<h3>Congresso<\/h3>\n<h4>Quem participa?<\/h4>\n<p>Profissionais das \u00e1reas de meio ambiente, sustentabilidade, engenharia e projetos de ind\u00fastrias de diversos setores, RH,<br \/>Marketing, \u00f3rg\u00e3os ambientais, entidades envolvidas com a tem\u00e1tica ambiental, fornecedores de equipamentos, produtos e servi\u00e7os<br \/>voltados \u00e0 melhoria dos processos.\u00a0<\/p>\n<h4>Patroc\u00ednio<\/h4>\n<h4>Quem pode patrocinar?<\/h4>\n<p>Empresas p\u00fablicas e privadas que queiram associar a imagem da sua empresa a uma causa nobre, por meio da sustentabilidade, \u00e9 um investimento em marketing social que agrega valor e credibilidade a sua marca. [<\/p>\n<h4><strong>Benef\u00edcios de Apoiar<\/strong><\/h4>\n<p>\u2022 Potencializar a visibilidade da sua marca perante a comunidade.<br \/>\u2022 Posicionar sua empresa como contribuinte para um futuro mais limpo e justo.<br \/>\u2022 Diferenciar sua marca perante a concorr\u00eancia como empresa focada em sustentabilidade.<br \/>\u2022 Posicionar sua marca como empresa voltada ao desenvolvimento do mercado.\u00a0<\/p>\n<a href=\"mailto:contato@criarsustentavel.com.br\" target=\"_self\" class=\"button alert\"  >\n    <span>QUERO pATROCINAR<\/span>\n  <\/a>\n\n<\/div><\/div>\n<\/div>\n","protected":false},"excerpt":{"rendered":"","protected":false},"author":1,"featured_media":0,"parent":91,"menu_order":0,"comment_status":"closed","ping_status":"closed","template":"page-blank.php","meta":[],"_links":{"self":[{"href":"https:\/\/criarsustentavel.com.br\/novo\/wp-json\/wp\/v2\/pages\/240"}],"collection":[{"href":"https:\/\/criarsustentavel.com.br\/novo\/wp-json\/wp\/v2\/pages"}],"about":[{"href":"https:\/\/criarsustentavel.com.br\/novo\/wp-json\/wp\/v2\/types\/page"}],"author":[{"embeddable":true,"href":"https:\/\/criarsustentavel.com.br\/novo\/wp-json\/wp\/v2\/users\/1"}],"replies":[{"embeddable":true,"href":"https:\/\/criarsustentavel.com.br\/novo\/wp-json\/wp\/v2\/comments?post=240"}],"version-history":[{"count":19,"href":"https:\/\/criarsustentavel.com.br\/novo\/wp-json\/wp\/v2\/pages\/240\/revisions"}],"predecessor-version":[{"id":602,"href":"https:\/\/criarsustentavel.com.br\/novo\/wp-json\/wp\/v2\/pages\/240\/revisions\/602"}],"up":[{"embeddable":true,"href":"https:\/\/criarsustentavel.com.br\/novo\/wp-json\/wp\/v2\/pages\/91"}],"wp:attachment":[{"href":"https:\/\/criarsustentavel.com.br\/novo\/wp-json\/wp\/v2\/media?parent=240"}],"curies":[{"name":"wp","href":"https:\/\/api.w.org\/{rel}","templated":true}]}}